{"id":26,"date":"2014-01-01T18:20:35","date_gmt":"2014-01-01T16:20:35","guid":{"rendered":"http:\/\/www.vennemann.com\/?page_id=26"},"modified":"2014-01-01T18:24:35","modified_gmt":"2014-01-01T16:24:35","slug":"wir-uber-uns","status":"publish","type":"page","link":"https:\/\/www.vennemann.com\/?page_id=26","title":{"rendered":"Wir \u00fcber uns"},"content":{"rendered":"<p>Im Jahr 2001 gestartet, sind wir heute spezialisiert auf IT-Dienstleistungen<br \/>\nf\u00fcr Privatpersonen, Vereine und Kleinunternehmer.<\/p>\n<p>Fragen Sie uns, wie wir Ihnen helfen k\u00f6nnen.<\/p>\n<p>Wo es nur geht, setzen wir auf Open Source Produkte.<\/p>\n<p>So sind wir in der Lage Ihnen g\u00fcnstige Dienstleistungen anzubieten,<br \/>\nund sie brauchen sich keine Sorgen um Lizenzschwierigkeiten<br \/>\nmachen.<\/p>\n<p>Zus\u00e4tzlich profitieren Sie von den schnellen und hohen Innovationszyklen.<\/p>\n<p>Machen Sie sich selbst ein Bild, und laden Sie uns kostenlos zu sich ein.<br \/>\nWir zeigen Ihnen, wie Ihr Windows-PC zuk\u00fcnftig produktiver und schneller<br \/>\narbeiten kann.<\/p>\n<p>Sie m\u00fcssen sich nur von ihren alten \u201cSoftwarezw\u00e4ngen\u201d befreien.<br \/>\nEs muss nicht immer Outlook sein.<\/p>\n<p>Sicher benutzen Sie bereits Open Source Software ohne sich dar\u00fcber Gedanken zu machen.<\/p>\n<p>&nbsp;<\/p>\n","protected":false},"excerpt":{"rendered":"<p>Im Jahr 2001 gestartet, sind wir heute spezialisiert auf IT-Dienstleistungen f\u00fcr Privatpersonen, Vereine und Kleinunternehmer. Fragen Sie uns, wie wir Ihnen helfen k\u00f6nnen. Wo es nur geht, setzen wir auf Open Source Produkte. So sind wir in der Lage Ihnen g\u00fcnstige Dienstleistungen anzubieten, und sie brauchen sich keine Sorgen um Lizenzschwierigkeiten machen. Zus\u00e4tzlich profitieren Sie [&hellip;]<\/p>\n","protected":false},"author":1,"featured_media":0,"parent":0,"menu_order":0,"comment_status":"closed","ping_status":"open","template":"","meta":[],"_links":{"self":[{"href":"https:\/\/www.vennemann.com\/index.php?rest_route=\/wp\/v2\/pages\/26"}],"collection":[{"href":"https:\/\/www.vennemann.com\/index.php?rest_route=\/wp\/v2\/pages"}],"about":[{"href":"https:\/\/www.vennemann.com\/index.php?rest_route=\/wp\/v2\/types\/page"}],"author":[{"embeddable":true,"href":"https:\/\/www.vennemann.com\/index.php?rest_route=\/wp\/v2\/users\/1"}],"replies":[{"embeddable":true,"href":"https:\/\/www.vennemann.com\/index.php?rest_route=%2Fwp%2Fv2%2Fcomments&post=26"}],"version-history":[{"count":3,"href":"https:\/\/www.vennemann.com\/index.php?rest_route=\/wp\/v2\/pages\/26\/revisions"}],"predecessor-version":[{"id":28,"href":"https:\/\/www.vennemann.com\/index.php?rest_route=\/wp\/v2\/pages\/26\/revisions\/28"}],"wp:attachment":[{"href":"https:\/\/www.vennemann.com\/index.php?rest_route=%2Fwp%2Fv2%2Fmedia&parent=26"}],"curies":[{"name":"wp","href":"https:\/\/api.w.org\/{rel}","templated":true}]}}